{"id":222,"date":"2025-02-08T18:17:05","date_gmt":"2025-02-08T17:17:05","guid":{"rendered":"https:\/\/kameo-interim.com\/?page_id=222"},"modified":"2025-02-09T17:52:38","modified_gmt":"2025-02-09T16:52:38","slug":"conditions-generales-dutilisation-de-besttnet-interface-web","status":"publish","type":"page","link":"https:\/\/kameo-interim.com\/index.php\/conditions-generales-dutilisation-de-besttnet-interface-web\/","title":{"rendered":"Conditions g\u00e9n\u00e9rales d\u2019utilisation de BesttNet interface web"},"content":{"rendered":"\n<p><\/p>\n\n\n\n<div class=\"wp-block-cover alignleft is-light\" style=\"min-height:322px;aspect-ratio:unset;\"><span aria-hidden=\"true\" class=\"wp-block-cover__background has-background-dim-0 has-background-dim\" style=\"background-color:#d9cd96\"><\/span><img decoding=\"async\" class=\"wp-block-cover__image-background wp-image-223\" alt=\"\" src=\"http:\/\/kameo-interim.com\/wp-content\/uploads\/2025\/02\/Logo-Bestt.webp\" data-object-fit=\"cover\"\/><div class=\"wp-block-cover__inner-container is-layout-flow wp-block-cover-is-layout-flow\">\n<p class=\"has-text-align-center has-large-font-size\"><\/p>\n<\/div><\/div>\n\n\n\n<p class=\"has-large-font-size\">Introduction<\/p>\n\n\n\n<p>L\u2019objet de ces Conditions G\u00e9n\u00e9rales d&rsquo;Utilisation est de d\u00e9finir les conditions juridiques relatives \u00e0 l&rsquo;acquisition et l&rsquo;utilisation par le signataire du module BesttNet interface web d\u00e9di\u00e9e aux clients et aux int\u00e9rimaires. BesttNet est avant tout une solution num\u00e9rique innovante pr\u00e9sentant un gain de productivit\u00e9 avec la digitalisation de certains processus propre aux agences de travail temporaire.<\/p>\n\n\n\n<p><\/p>\n\n\n\n<p class=\"has-large-font-size\">D\u00e9finition<\/p>\n\n\n\n<blockquote class=\"wp-block-quote is-layout-flow wp-block-quote-is-layout-flow\">\n<p><em>\u00ab Plateforme \u00bb<\/em>&nbsp;: d\u00e9signe l\u2019interface BesttNet \u00e0 laquelle le client se connecte pour \u00e9mettre les documents suivants : relev\u00e9s d\u2019heures, messagerie, disponibilit\u00e9s, suivis de mission, aper\u00e7u du contrat.<\/p>\n\n\n\n<p><em>\u00ab Le protocole de consentement \u00bb<\/em>&nbsp;: d\u00e9signe la proc\u00e9dure suivant laquelle le consentement du signataire aux Conditions G\u00e9n\u00e9rales d\u2019Utilisation du Service pr\u00e9sentes, permet de recueillir des informations \u00e0 caract\u00e8re personnel ressortant de l\u2019activit\u00e9 professionnelle \u00e0 l\u2019aide d\u2019un un document \u00e9lectronique via BesttNet.<\/p>\n\n\n\n<p><em>\u00ab BesttNet \u00bb<\/em>&nbsp;: d\u00e9signe l\u2019ensemble des services fournis par l\u2019interface comme vis\u00e9s dans les pr\u00e9sentes CGU, et en particulier l\u2019\u00e9mission et l\u2019utilisation associ\u00e9e, afin de permettre la r\u00e9alisation d\u2019un document \u00e9lectronique conforme au protocole de consentement.<\/p>\n\n\n\n<p><em>\u00ab Signataire(s) \u00bb<\/em>&nbsp;: d\u00e9signe toute personne physique qui se connecte sur l\u2019interface BesttNet \u00e0 la demande du client, pour qui un des documents est \u00e9labor\u00e9 par l\u2019entreprise utilisatrice, qui pr\u00e9sente un des documents \u00e0 valider.<\/p>\n<\/blockquote>\n\n\n\n<p><\/p>\n\n\n\n<p class=\"has-large-font-size\">Prise d&rsquo;effet et dur\u00e9e<\/p>\n\n\n\n<blockquote class=\"wp-block-quote is-layout-flow wp-block-quote-is-layout-flow\">\n<p>Les pr\u00e9sentes CGU prennent effet \u00e0 compter de leur acceptation par le Signataire \u00e0 la date de demande de certificat et sont applicables pendant toute la dur\u00e9e de conservation du fichier de preuve.<\/p>\n<\/blockquote>\n\n\n\n<p><\/p>\n\n\n\n<p class=\"has-large-font-size\">Obligation du signataire<\/p>\n\n\n\n<blockquote class=\"wp-block-quote is-layout-flow wp-block-quote-is-layout-flow\">\n<p>En acceptant les CGU, le Signataire accepte de respecter les obligations suivantes :<\/p>\n\n\n\n<ul class=\"wp-block-list\">\n<li>Assurer la s\u00e9curit\u00e9 et la confidentialit\u00e9 de la donn\u00e9e d\u2019activation (mot de passe\/lien) que le Signataire doit utiliser pour acc\u00e9der au document.<\/li>\n\n\n\n<li>Le cas \u00e9ch\u00e9ant, assurer la s\u00e9curit\u00e9 et la confidentialit\u00e9 de l\u2019identifiant et du mot de passe cr\u00e9\u00e9s afin d\u2019utiliser un espace d\u00e9di\u00e9 au Signataire sur l\u2019interface BesttNet.<\/li>\n<\/ul>\n<\/blockquote>\n\n\n\n<p><\/p>\n\n\n\n<p class=\"has-large-font-size\">Responsabilit\u00e9 du client<\/p>\n\n\n\n<blockquote class=\"wp-block-quote is-layout-flow wp-block-quote-is-layout-flow\">\n<p>A l&rsquo;\u00e9gard du signataire, toute responsabilit\u00e9 li\u00e9e \u00e0 l&rsquo;utilisation du service, incombe au seul client. BesttNet n\u2019intervenant qu&rsquo;au nom et pour le compte de ce dernier en qualit\u00e9 de prestataire.<\/p>\n<\/blockquote>\n\n\n\n<p><\/p>\n\n\n\n<p class=\"has-large-font-size\">Protection des donn\u00e9es \u00e0 caract\u00e8re personnel<\/p>\n\n\n\n<blockquote class=\"wp-block-quote is-layout-flow wp-block-quote-is-layout-flow\">\n<p>Les donn\u00e9es \u00e0 caract\u00e8re personnel du Signataire sont conserv\u00e9es aux seules fins de permettre la cr\u00e9ation de l\u2019Identit\u00e9 Signataire contenue dans la cr\u00e9ation des documents et d\u2019authentification du Signataire. Le Client d\u00e9clare traiter les donn\u00e9es \u00e0 caract\u00e8re personnel dans le respect de la loi fran\u00e7aise et de la R\u00e8glementation Europ\u00e9enne en mati\u00e8re de Protection des Donn\u00e9es \u00e0 caract\u00e8re personnel (RGPD). En acceptant les pr\u00e9sentes CGU, le Signataire accepte que l\u2019Autorit\u00e9 de Certification conserve, \u00e0 la demande de l&rsquo;Autorit\u00e9 d\u2019Enregistrement, les donn\u00e9es \u00e0 caract\u00e8re personnel pendant une dur\u00e9e de cinq ans et que l\u2019Autorit\u00e9 d\u2019Enregistrement conserve les donn\u00e9es \u00e0 caract\u00e8re personnel et le Fichier de preuve pendant une dur\u00e9e minimale de trois ans. L\u2019Autorit\u00e9 d\u2019Enregistrement d\u00e9finit par ailleurs sa propre dur\u00e9e de conservation des donn\u00e9es \u00e0 caract\u00e8re personnel en fonction des besoins juridiques li\u00e9s au Document.<\/p>\n<\/blockquote>\n\n\n\n<p><\/p>\n\n\n\n<p class=\"has-large-font-size\">Propri\u00e9t\u00e9 intellectuelle<\/p>\n\n\n\n<blockquote class=\"wp-block-quote is-layout-flow wp-block-quote-is-layout-flow\">\n<p>Ces CGU ne conf\u00e8rent au Signataire aucun droit de propri\u00e9t\u00e9 intellectuelle sur les Services.<\/p>\n<\/blockquote>\n\n\n\n<p><\/p>\n\n\n\n<p class=\"has-large-font-size\">Droit applicable<\/p>\n\n\n\n<blockquote class=\"wp-block-quote is-layout-flow wp-block-quote-is-layout-flow\">\n<p>En cas de litige relatif \u00e0 l\u2019interpr\u00e9tation, la validit\u00e9 ou l\u2019ex\u00e9cution des pr\u00e9sentes CGU, les parties donnent comp\u00e9tence expresse et exclusive \u00e0 la loi fran\u00e7aise et aux tribunaux fran\u00e7ais.<\/p>\n<\/blockquote>\n\n\n\n<p><\/p>\n","protected":false},"excerpt":{"rendered":"<p>Introduction L\u2019objet de ces Conditions G\u00e9n\u00e9rales d&rsquo;Utilisation est de d\u00e9finir les conditions juridiques relatives \u00e0 l&rsquo;acquisition et l&rsquo;utilisation par le signataire du module BesttNet interface web d\u00e9di\u00e9e aux clients et aux int\u00e9rimaires. BesttNet est avant tout une solution num\u00e9rique innovante pr\u00e9sentant un gain de productivit\u00e9 avec la digitalisation de certains processus propre aux agences de [&hellip;]<\/p>\n","protected":false},"author":1,"featured_media":0,"parent":0,"menu_order":0,"comment_status":"closed","ping_status":"closed","template":"","meta":{"footnotes":""},"class_list":["post-222","page","type-page","status-publish","hentry"],"_links":{"self":[{"href":"https:\/\/kameo-interim.com\/index.php\/wp-json\/wp\/v2\/pages\/222","targetHints":{"allow":["GET"]}}],"collection":[{"href":"https:\/\/kameo-interim.com\/index.php\/wp-json\/wp\/v2\/pages"}],"about":[{"href":"https:\/\/kameo-interim.com\/index.php\/wp-json\/wp\/v2\/types\/page"}],"author":[{"embeddable":true,"href":"https:\/\/kameo-interim.com\/index.php\/wp-json\/wp\/v2\/users\/1"}],"replies":[{"embeddable":true,"href":"https:\/\/kameo-interim.com\/index.php\/wp-json\/wp\/v2\/comments?post=222"}],"version-history":[{"count":4,"href":"https:\/\/kameo-interim.com\/index.php\/wp-json\/wp\/v2\/pages\/222\/revisions"}],"predecessor-version":[{"id":279,"href":"https:\/\/kameo-interim.com\/index.php\/wp-json\/wp\/v2\/pages\/222\/revisions\/279"}],"wp:attachment":[{"href":"https:\/\/kameo-interim.com\/index.php\/wp-json\/wp\/v2\/media?parent=222"}],"curies":[{"name":"wp","href":"https:\/\/api.w.org\/{rel}","templated":true}]}}