{"id":2,"date":"2024-11-27T10:13:28","date_gmt":"2024-11-27T09:13:28","guid":{"rendered":"http:\/\/kameo-interim.com\/?page_id=2"},"modified":"2025-02-21T18:13:59","modified_gmt":"2025-02-21T17:13:59","slug":"page-d-exemple","status":"publish","type":"page","link":"https:\/\/kameo-interim.com\/index.php\/page-d-exemple\/","title":{"rendered":"A propos"},"content":{"rendered":"\n<p><\/p>\n\n\n\n<figure class=\"wp-block-image aligncenter size-large is-resized\"><img loading=\"lazy\" decoding=\"async\" width=\"1024\" height=\"415\" src=\"http:\/\/kameo-interim.com\/wp-content\/uploads\/2025\/02\/Carte-de-visite-recto-sans-fond-edited-1-e1738770940992-1024x415.png\" alt=\"\" class=\"wp-image-69\" style=\"width:294px;height:auto\" srcset=\"https:\/\/kameo-interim.com\/wp-content\/uploads\/2025\/02\/Carte-de-visite-recto-sans-fond-edited-1-e1738770940992-1024x415.png 1024w, https:\/\/kameo-interim.com\/wp-content\/uploads\/2025\/02\/Carte-de-visite-recto-sans-fond-edited-1-e1738770940992-300x122.png 300w, https:\/\/kameo-interim.com\/wp-content\/uploads\/2025\/02\/Carte-de-visite-recto-sans-fond-edited-1-e1738770940992-768x311.png 768w, https:\/\/kameo-interim.com\/wp-content\/uploads\/2025\/02\/Carte-de-visite-recto-sans-fond-edited-1-e1738770940992.png 1029w\" sizes=\"auto, (max-width: 1024px) 100vw, 1024px\" \/><\/figure>\n\n\n\n<p class=\"has-system-font-font-family\"><strong>Qui sommes-nous ? <\/strong><\/p>\n\n\n\n<blockquote class=\"wp-block-quote is-layout-flow wp-block-quote-is-layout-flow\">\n<p class=\"has-system-font-font-family\">Nous sommes une agence d&rsquo;int\u00e9rim nomade en Ille-et-Vilaine, d\u00e9di\u00e9e \u00e0 l&rsquo;accompagnement des professionnels et des int\u00e9rimaires dans les secteurs du BTP, du paysagisme et de l&rsquo;industrie.<\/p>\n\n\n\n<p>Kam\u00e9o Int\u00e9rim est n\u00e9e de la volont\u00e9 de proposer des solutions d&#8217;emploi flexibles et adapt\u00e9es aux besoins des entreprises et des int\u00e9rimaires. Nous avons pour mission de rapprocher les talents et les opportunit\u00e9s d&#8217;emplois, en offrant un service personnalis\u00e9 et r\u00e9actif. Pour cela, nous nous d\u00e9pla\u00e7ons pour \u00eatre au plus pr\u00e8s de vos projets.<\/p>\n<\/blockquote>\n\n\n\n<p><\/p>\n\n\n\n<p><strong>Nos valeurs <\/strong><\/p>\n\n\n\n<blockquote class=\"wp-block-quote has-system-font-font-family is-layout-flow wp-block-quote-is-layout-flow\">\n<p class=\"has-system-font-font-family\"><strong>Flexibilit\u00e9<\/strong> : Nous comprenons les d\u00e9fis du march\u00e9 du travail actuel et nous adaptons \u00e0 vos besoins, que vous soyez une entreprise ou un candidat.<\/p>\n\n\n\n<p><strong>Proximit\u00e9<\/strong> : En tant qu&rsquo;agence nomade, nous nous d\u00e9pla\u00e7ons pour mieux vous servir et comprendre vos exigences.<\/p>\n\n\n\n<p><strong>Excellence<\/strong> : Nous mettons un point d&rsquo;honneur \u00e0 fournir un service de qualit\u00e9, en s\u00e9lectionnant rigoureusement nos candidats et en r\u00e9pondant rapidement aux demandes de nos clients.<\/p>\n<\/blockquote>\n\n\n\n<p><\/p>\n\n\n\n<p><strong>Nos secteurs d&rsquo;expertise<\/strong><\/p>\n\n\n\n<blockquote class=\"wp-block-quote is-layout-flow wp-block-quote-is-layout-flow\">\n<ul class=\"wp-block-list\">\n<li><strong>BTP<\/strong> : Nous recrutons des professionnels qualifi\u00e9s pour tous les m\u00e9tiers du b\u00e2timent et des travaux publics, de l&rsquo;ouvrier au chef de chantier.<\/li>\n\n\n\n<li><strong>Paysagisme<\/strong> : Notre expertise couvre \u00e9galement le secteur du paysagisme, avec des profils allant des jardiniers aux chefs d&rsquo;\u00e9quipes paysagistes.<\/li>\n\n\n\n<li><strong>Industrie<\/strong> : Nous accompagnons les entreprises industrielles en leur proposant des candidats comp\u00e9tents, qu&rsquo;il s&rsquo;agisse de techniciens, d&rsquo;ing\u00e9nieurs ou d&rsquo;op\u00e9rateurs de production.<\/li>\n<\/ul>\n<\/blockquote>\n\n\n\n<p><\/p>\n\n\n\n<figure class=\"wp-block-pullquote alignwide has-custom-340-d-89-background-color has-background\"><blockquote><p><strong>Pourquoi choisir Kam\u00e9o Int\u00e9rim ?<\/strong><br><br>Choisir Kam\u00e9o Int\u00e9rim, c&rsquo;est opter pour un partenaire de confiance, <br>\u00e0 l&rsquo;\u00e9coute de vos besoins et engag\u00e9 \u00e0 vous offrir les meilleures solutions d&#8217;emploi.<br>Nous mettons notre expertise et notre r\u00e9seau \u00e0 votre service pour vous aider \u00e0 atteindre vos objectifs professionnels.<\/p><\/blockquote><\/figure>\n\n\n\n<p><\/p>\n","protected":false},"excerpt":{"rendered":"<p>Qui sommes-nous ? Nous sommes une agence d&rsquo;int\u00e9rim nomade en Ille-et-Vilaine, d\u00e9di\u00e9e \u00e0 l&rsquo;accompagnement des professionnels et des int\u00e9rimaires dans les secteurs du BTP, du paysagisme et de l&rsquo;industrie. Kam\u00e9o Int\u00e9rim est n\u00e9e de la volont\u00e9 de proposer des solutions d&#8217;emploi flexibles et adapt\u00e9es aux besoins des entreprises et des int\u00e9rimaires. Nous avons pour mission [&hellip;]<\/p>\n","protected":false},"author":1,"featured_media":0,"parent":0,"menu_order":0,"comment_status":"closed","ping_status":"open","template":"","meta":{"footnotes":""},"class_list":["post-2","page","type-page","status-publish","hentry"],"_links":{"self":[{"href":"https:\/\/kameo-interim.com\/index.php\/wp-json\/wp\/v2\/pages\/2","targetHints":{"allow":["GET"]}}],"collection":[{"href":"https:\/\/kameo-interim.com\/index.php\/wp-json\/wp\/v2\/pages"}],"about":[{"href":"https:\/\/kameo-interim.com\/index.php\/wp-json\/wp\/v2\/types\/page"}],"author":[{"embeddable":true,"href":"https:\/\/kameo-interim.com\/index.php\/wp-json\/wp\/v2\/users\/1"}],"replies":[{"embeddable":true,"href":"https:\/\/kameo-interim.com\/index.php\/wp-json\/wp\/v2\/comments?post=2"}],"version-history":[{"count":39,"href":"https:\/\/kameo-interim.com\/index.php\/wp-json\/wp\/v2\/pages\/2\/revisions"}],"predecessor-version":[{"id":360,"href":"https:\/\/kameo-interim.com\/index.php\/wp-json\/wp\/v2\/pages\/2\/revisions\/360"}],"wp:attachment":[{"href":"https:\/\/kameo-interim.com\/index.php\/wp-json\/wp\/v2\/media?parent=2"}],"curies":[{"name":"wp","href":"https:\/\/api.w.org\/{rel}","templated":true}]}}