{"id":165,"date":"2025-02-10T14:47:06","date_gmt":"2025-02-10T13:47:06","guid":{"rendered":"https:\/\/kameo-interim.com\/?page_id=165"},"modified":"2025-02-21T18:25:50","modified_gmt":"2025-02-21T17:25:50","slug":"espaces-entreprises-utilisatrices","status":"publish","type":"page","link":"https:\/\/kameo-interim.com\/index.php\/espaces-entreprises-utilisatrices\/","title":{"rendered":"Espace                      Entreprises Utilisatrices"},"content":{"rendered":"\n<p><\/p>\n\n\n\n<div class=\"wp-block-media-text is-stacked-on-mobile\" style=\"grid-template-columns:16% auto\"><figure class=\"wp-block-media-text__media\"><a href=\"https:\/\/kameo-interim.bestt.fr\/inscription_prospect\"><img loading=\"lazy\" decoding=\"async\" width=\"500\" height=\"500\" src=\"http:\/\/kameo-interim.com\/wp-content\/uploads\/2025\/02\/QRcode-Clients-Bestt.png\" alt=\"\" class=\"wp-image-120 size-full\" srcset=\"https:\/\/kameo-interim.com\/wp-content\/uploads\/2025\/02\/QRcode-Clients-Bestt.png 500w, https:\/\/kameo-interim.com\/wp-content\/uploads\/2025\/02\/QRcode-Clients-Bestt-300x300.png 300w, https:\/\/kameo-interim.com\/wp-content\/uploads\/2025\/02\/QRcode-Clients-Bestt-150x150.png 150w\" sizes=\"auto, (max-width: 500px) 100vw, 500px\" \/><\/a><\/figure><div class=\"wp-block-media-text__content\">\n<p>Vous avez un besoin urgent ? <\/p>\n\n\n\n<p>Cliquez ou scannez ce QR Code pour cr\u00e9er votre espace client et passer commande rapidement !<\/p>\n<\/div><\/div>\n\n\n\n<p>Nous s\u00e9lectionnons et recrutons des personnes qualifi\u00e9es pour r\u00e9pondre \u00e0 vos besoins en recrutement.<\/p>\n\n\n\n<p>Profitez d&rsquo;une relation de proximit\u00e9 et de confiance gr\u00e2ce \u00e0 votre agence nomade. Notre but est de faciliter vos recrutements d&rsquo;une mani\u00e8re qualitative et durable, en venant \u00e0 la rencontre des candidats potentiels aux alentours de votre soci\u00e9t\u00e9.<\/p>\n\n\n\n<p><\/p>\n\n\n\n<figure class=\"wp-block-pullquote\"><blockquote><p>Nous sommes l\u00e0 pour vous proposer un service sur-mesure, conviviale et moderne.<\/p><\/blockquote><\/figure>\n\n\n\n<div class=\"wp-block-media-text has-media-on-the-right is-stacked-on-mobile\"><div class=\"wp-block-media-text__content\">\n<p>Nous utilisons le d\u00e9mat\u00e9rialis\u00e9, pour \u00e9laborer une relation administrative fluide et rapide.<\/p>\n<\/div><figure class=\"wp-block-media-text__media\"><img loading=\"lazy\" decoding=\"async\" width=\"500\" height=\"280\" src=\"http:\/\/kameo-interim.com\/wp-content\/uploads\/2025\/02\/logo-be-sign-500x280-1.png\" alt=\"\" class=\"wp-image-361 size-full\" srcset=\"https:\/\/kameo-interim.com\/wp-content\/uploads\/2025\/02\/logo-be-sign-500x280-1.png 500w, https:\/\/kameo-interim.com\/wp-content\/uploads\/2025\/02\/logo-be-sign-500x280-1-300x168.png 300w\" sizes=\"auto, (max-width: 500px) 100vw, 500px\" \/><\/figure><\/div>\n\n\n\n<div class=\"wp-block-media-text is-stacked-on-mobile\"><figure class=\"wp-block-media-text__media\"><img loading=\"lazy\" decoding=\"async\" width=\"456\" height=\"188\" src=\"http:\/\/kameo-interim.com\/wp-content\/uploads\/2025\/02\/club-e1549896049327.png\" alt=\"\" class=\"wp-image-316 size-full\" srcset=\"https:\/\/kameo-interim.com\/wp-content\/uploads\/2025\/02\/club-e1549896049327.png 456w, https:\/\/kameo-interim.com\/wp-content\/uploads\/2025\/02\/club-e1549896049327-300x124.png 300w\" sizes=\"auto, (max-width: 456px) 100vw, 456px\" \/><\/figure><div class=\"wp-block-media-text__content\">\n<p>En collaborant avec Kam\u00e9o Int\u00e9rim c&rsquo;est profitez de son CSE par le biais de son partenaire m\u00e9tier !<\/p>\n<\/div><\/div>\n\n\n\n<p><\/p>\n","protected":false},"excerpt":{"rendered":"<p>Vous avez un besoin urgent ? Cliquez ou scannez ce QR Code pour cr\u00e9er votre espace client et passer commande rapidement ! Nous s\u00e9lectionnons et recrutons des personnes qualifi\u00e9es pour r\u00e9pondre \u00e0 vos besoins en recrutement. Profitez d&rsquo;une relation de proximit\u00e9 et de confiance gr\u00e2ce \u00e0 votre agence nomade. Notre but est de faciliter vos [&hellip;]<\/p>\n","protected":false},"author":1,"featured_media":0,"parent":0,"menu_order":0,"comment_status":"closed","ping_status":"closed","template":"","meta":{"footnotes":""},"class_list":["post-165","page","type-page","status-publish","hentry"],"_links":{"self":[{"href":"https:\/\/kameo-interim.com\/index.php\/wp-json\/wp\/v2\/pages\/165","targetHints":{"allow":["GET"]}}],"collection":[{"href":"https:\/\/kameo-interim.com\/index.php\/wp-json\/wp\/v2\/pages"}],"about":[{"href":"https:\/\/kameo-interim.com\/index.php\/wp-json\/wp\/v2\/types\/page"}],"author":[{"embeddable":true,"href":"https:\/\/kameo-interim.com\/index.php\/wp-json\/wp\/v2\/users\/1"}],"replies":[{"embeddable":true,"href":"https:\/\/kameo-interim.com\/index.php\/wp-json\/wp\/v2\/comments?post=165"}],"version-history":[{"count":8,"href":"https:\/\/kameo-interim.com\/index.php\/wp-json\/wp\/v2\/pages\/165\/revisions"}],"predecessor-version":[{"id":364,"href":"https:\/\/kameo-interim.com\/index.php\/wp-json\/wp\/v2\/pages\/165\/revisions\/364"}],"wp:attachment":[{"href":"https:\/\/kameo-interim.com\/index.php\/wp-json\/wp\/v2\/media?parent=165"}],"curies":[{"name":"wp","href":"https:\/\/api.w.org\/{rel}","templated":true}]}}