{"id":164,"date":"2025-02-09T14:49:42","date_gmt":"2025-02-09T13:49:42","guid":{"rendered":"https:\/\/kameo-interim.com\/?page_id=164"},"modified":"2025-02-11T09:27:21","modified_gmt":"2025-02-11T08:27:21","slug":"espace-interimaires","status":"publish","type":"page","link":"https:\/\/kameo-interim.com\/index.php\/espace-interimaires\/","title":{"rendered":"Espace Int\u00e9rimaires"},"content":{"rendered":"\n<div class=\"wp-block-cover alignfull\"><span aria-hidden=\"true\" class=\"wp-block-cover__background has-background-dim\" style=\"background-color:#867b77\"><\/span><img loading=\"lazy\" decoding=\"async\" width=\"626\" height=\"417\" class=\"wp-block-cover__image-background wp-image-306\" alt=\"\" src=\"https:\/\/kameo-interim.com\/wp-content\/uploads\/2025\/02\/ingenieurs-chantier-casques_10541-1167.avif\" data-object-fit=\"cover\"\/><div class=\"wp-block-cover__inner-container has-global-padding is-layout-constrained wp-block-cover-is-layout-constrained\">\n<p class=\"has-text-align-center has-large-font-size\">En tant qu&#8217;employeur, nous devons <\/p>\n\n\n\n<p class=\"has-text-align-center has-large-font-size\">faciliter et s\u00e9curiser votre vie professionnelle.<\/p>\n\n\n\n<p><\/p>\n\n\n\n<p class=\"has-text-align-center has-tertiary-color has-text-color has-link-color wp-elements-474e1702aabef6249d30bdd9771a3eea\">Pour cela, nous travaillons avec des partenaires cl\u00e9 du travail temporaire,<\/p>\n\n\n\n<p class=\"has-text-align-center has-link-color wp-elements-fc2f312aa1a624955e5a9488a61a1958\">pour vous proposer des services et des avantages au quotidien.<\/p>\n<\/div><\/div>\n\n\n\n<h2 class=\"wp-block-heading\">Pour commencer &#8230;<\/h2>\n\n\n\n<div class=\"wp-block-media-text is-stacked-on-mobile\" style=\"grid-template-columns:23% auto\"><figure class=\"wp-block-media-text__media\"><a href=\"https:\/\/kameo-interim.bestt.fr\/inscription_profil_candidat\"><img loading=\"lazy\" decoding=\"async\" width=\"500\" height=\"500\" src=\"http:\/\/kameo-interim.com\/wp-content\/uploads\/2025\/02\/QRcode-Interimaires-Bestt.png\" alt=\"\" class=\"wp-image-119 size-full\" srcset=\"https:\/\/kameo-interim.com\/wp-content\/uploads\/2025\/02\/QRcode-Interimaires-Bestt.png 500w, https:\/\/kameo-interim.com\/wp-content\/uploads\/2025\/02\/QRcode-Interimaires-Bestt-300x300.png 300w, https:\/\/kameo-interim.com\/wp-content\/uploads\/2025\/02\/QRcode-Interimaires-Bestt-150x150.png 150w\" sizes=\"auto, (max-width: 500px) 100vw, 500px\" \/><\/a><\/figure><div class=\"wp-block-media-text__content\">\n<p>Cliquez ou scannez ce QR Code pour acc\u00e9der au formulaire d&rsquo;inscription chez Kam\u00e9o Int\u00e9rim<\/p>\n<\/div><\/div>\n\n\n\n<p class=\"has-text-align-center\">Ce lien vous permet d&rsquo;avoir acc\u00e8s \u00e0 votre espace int\u00e9rimaire Kam\u00e9o Int\u00e9rim. Pour un suivi sur vos contrats, heures, disponibilit\u00e9s &#8230;<\/p>\n\n\n\n<h2 class=\"wp-block-heading\">Votre vie d&rsquo;int\u00e9rimaire<\/h2>\n\n\n\n<p class=\"has-text-align-center\" style=\"border-width:1px;border-radius:100px;font-size:clamp(1.039rem, 1.039rem + ((1vw - 0.2rem) * 1.02), 1.6rem);\">Profitez de la protection sociale.<\/p>\n\n\n\n<div class=\"wp-block-media-text has-media-on-the-right is-stacked-on-mobile\" style=\"grid-template-columns:auto 38%\"><div class=\"wp-block-media-text__content\">\n<p>Profitez des services et des avantages de votre espace int\u00e9rimaires FASTT.<\/p>\n\n\n\n<ul class=\"wp-block-list\">\n<li>Faire vos demandes de services en ligne<\/li>\n\n\n\n<li>Acc\u00e9der \u00e0 votre espace de logement, votre espace social<\/li>\n\n\n\n<li>Consulter votre activit\u00e9 en int\u00e9rim<\/li>\n<\/ul>\n<\/div><figure class=\"wp-block-media-text__media\"><a href=\"https:\/\/espace-interimaire.fastt.org\/connexion?callbackUrl=%2F\"><img loading=\"lazy\" decoding=\"async\" width=\"1024\" height=\"512\" src=\"https:\/\/kameo-interim.com\/wp-content\/uploads\/2025\/02\/Logo-1024x512.png\" alt=\"\" class=\"wp-image-235 size-full\"\/><\/a><\/figure><\/div>\n\n\n\n<div class=\"wp-block-media-text is-stacked-on-mobile\" style=\"grid-template-columns:47% auto\"><figure class=\"wp-block-media-text__media\"><img loading=\"lazy\" decoding=\"async\" width=\"368\" height=\"97\" src=\"http:\/\/kameo-interim.com\/wp-content\/uploads\/2025\/02\/interimaires-sante.png.webp\" alt=\"\" class=\"wp-image-265 size-full\" srcset=\"https:\/\/kameo-interim.com\/wp-content\/uploads\/2025\/02\/interimaires-sante.png.webp 368w, https:\/\/kameo-interim.com\/wp-content\/uploads\/2025\/02\/interimaires-sante.png-300x79.webp 300w\" sizes=\"auto, (max-width: 368px) 100vw, 368px\" \/><\/figure><div class=\"wp-block-media-text__content\">\n<p>Profitez de la mutuelle int\u00e9rimaires.<\/p>\n\n\n\n<p>Vous y serez <strong>automatiquement rattach\u00e9 \u00e0 partir de 414 heures <\/strong>travaill\u00e9es au cumul de vos contrats d&rsquo;int\u00e9rim.<\/p>\n<\/div><\/div>\n\n\n\n<div class=\"wp-block-media-text has-media-on-the-right is-stacked-on-mobile\" style=\"grid-template-columns:auto 43%\"><div class=\"wp-block-media-text__content\">\n<p>Profitez de la pr\u00e9voyance int\u00e9rimaires.<\/p>\n\n\n\n<p>Votre interlocuteur privil\u00e9gi\u00e9&nbsp;dans les d\u00e9marches li\u00e9es au versement des prestations en cas de maladie, d\u2019accident de travail, maternit\u00e9,&nbsp;invalidit\u00e9 et d\u00e9c\u00e8s.<\/p>\n<\/div><figure class=\"wp-block-media-text__media\"><img loading=\"lazy\" decoding=\"async\" width=\"800\" height=\"127\" src=\"http:\/\/kameo-interim.com\/wp-content\/uploads\/2025\/02\/Banniere.png\" alt=\"\" class=\"wp-image-266 size-full\" srcset=\"https:\/\/kameo-interim.com\/wp-content\/uploads\/2025\/02\/Banniere.png 800w, https:\/\/kameo-interim.com\/wp-content\/uploads\/2025\/02\/Banniere-300x48.png 300w, https:\/\/kameo-interim.com\/wp-content\/uploads\/2025\/02\/Banniere-768x122.png 768w\" sizes=\"auto, (max-width: 800px) 100vw, 800px\" \/><\/figure><\/div>\n\n\n\n<div class=\"wp-block-media-text is-stacked-on-mobile\"><figure class=\"wp-block-media-text__media\"><img loading=\"lazy\" decoding=\"async\" width=\"626\" height=\"417\" src=\"https:\/\/kameo-interim.com\/wp-content\/uploads\/2025\/02\/homme-constructeur-uniforme-jeans-gants-tenant-casque-main-vue-face_176474-10062.avif\" alt=\"\" class=\"wp-image-307 size-full\"\/><\/figure><div class=\"wp-block-media-text__content\">\n<p>Profitez des dispositifs mis en place pour votre s\u00e9curit\u00e9 au travail. Comme des formations s\u00e9curit\u00e9 avec l&rsquo;agence, des sessions de e-learning &#8230;<\/p>\n<\/div><\/div>\n\n\n\n<div class=\"wp-block-media-text has-media-on-the-right is-stacked-on-mobile\"><div class=\"wp-block-media-text__content\">\n<p>Profitez d&rsquo;un CSE, pour prendre du bon temps \u00e0 c\u00f4t\u00e9 de vos missions d&rsquo;int\u00e9rimaire !<\/p>\n<\/div><figure class=\"wp-block-media-text__media\"><img loading=\"lazy\" decoding=\"async\" width=\"456\" height=\"188\" src=\"https:\/\/kameo-interim.com\/wp-content\/uploads\/2025\/02\/club-e1549896049327.png\" alt=\"\" class=\"wp-image-316 size-full\" srcset=\"https:\/\/kameo-interim.com\/wp-content\/uploads\/2025\/02\/club-e1549896049327.png 456w, https:\/\/kameo-interim.com\/wp-content\/uploads\/2025\/02\/club-e1549896049327-300x124.png 300w\" sizes=\"auto, (max-width: 456px) 100vw, 456px\" \/><\/figure><\/div>\n\n\n\n<p><\/p>\n","protected":false},"excerpt":{"rendered":"<p>Pour commencer &#8230; Cliquez ou scannez ce QR Code pour acc\u00e9der au formulaire d&rsquo;inscription chez Kam\u00e9o Int\u00e9rim Ce lien vous permet d&rsquo;avoir acc\u00e8s \u00e0 votre espace int\u00e9rimaire Kam\u00e9o Int\u00e9rim. Pour un suivi sur vos contrats, heures, disponibilit\u00e9s &#8230; Votre vie d&rsquo;int\u00e9rimaire Profitez de la protection sociale. Profitez de la mutuelle int\u00e9rimaires. Vous y serez automatiquement [&hellip;]<\/p>\n","protected":false},"author":1,"featured_media":0,"parent":0,"menu_order":0,"comment_status":"closed","ping_status":"closed","template":"","meta":{"footnotes":""},"class_list":["post-164","page","type-page","status-publish","hentry"],"_links":{"self":[{"href":"https:\/\/kameo-interim.com\/index.php\/wp-json\/wp\/v2\/pages\/164","targetHints":{"allow":["GET"]}}],"collection":[{"href":"https:\/\/kameo-interim.com\/index.php\/wp-json\/wp\/v2\/pages"}],"about":[{"href":"https:\/\/kameo-interim.com\/index.php\/wp-json\/wp\/v2\/types\/page"}],"author":[{"embeddable":true,"href":"https:\/\/kameo-interim.com\/index.php\/wp-json\/wp\/v2\/users\/1"}],"replies":[{"embeddable":true,"href":"https:\/\/kameo-interim.com\/index.php\/wp-json\/wp\/v2\/comments?post=164"}],"version-history":[{"count":11,"href":"https:\/\/kameo-interim.com\/index.php\/wp-json\/wp\/v2\/pages\/164\/revisions"}],"predecessor-version":[{"id":339,"href":"https:\/\/kameo-interim.com\/index.php\/wp-json\/wp\/v2\/pages\/164\/revisions\/339"}],"wp:attachment":[{"href":"https:\/\/kameo-interim.com\/index.php\/wp-json\/wp\/v2\/media?parent=164"}],"curies":[{"name":"wp","href":"https:\/\/api.w.org\/{rel}","templated":true}]}}